{"id":938,"date":"2020-04-21T06:35:27","date_gmt":"2020-04-21T06:35:27","guid":{"rendered":"https:\/\/isb.bz.it\/impressum\/"},"modified":"2021-08-02T06:28:11","modified_gmt":"2021-08-02T06:28:11","slug":"impressum","status":"publish","type":"page","link":"https:\/\/isb.bz.it\/it\/impressum\/","title":{"rendered":"Impressum"},"content":{"rendered":"\n<h1>\n\t<\/h1>\n\t\nISB &#8211; Istituto tecnologia materiali edili Alto Adige S.C.R.L.<br \/>\nvia Plattner 1<br \/>\nI-39040 Varna, BZ<br \/>\nTel.: +39 0472 970674<br \/>\nE-Mail: <a href=\"mailto:info@isb.bz.it\">info@isb.bz.it<\/a>\n\t<strong>Webhosting \/ Programmazione:\u00a0<\/strong><br \/>\n<a href=\"http:\/\/www.klubarbeit.net\/\"><img loading=\"lazy\" decoding=\"async\" src=\"https:\/\/isb.bz.it\/wp-content\/uploads\/2020\/04\/klubarbeit-net.png\" alt=\"klubarbeit-net\" width=\"150\" height=\"28\" \/><\/a>\n<a href=\"mailto:office@klubarbeit.net\">office@klubarbeit.net<\/a><br \/>\nWeb | EDV | Multimedia\n\n","protected":false},"excerpt":{"rendered":"<p>ISB &#8211; Istituto tecnologia materiali edili Alto Adige S.C.R.L. via Plattner 1 I-39040 Varna, BZ Tel.: +39 0472 970674 E-Mail: info@isb.bz.it Webhosting \/ Programmazione:\u00a0 office@klubarbeit.net Web | EDV | Multimedia<\/p>\n","protected":false},"author":3,"featured_media":0,"parent":0,"menu_order":0,"comment_status":"closed","ping_status":"closed","template":"","meta":{"_acf_changed":false,"footnotes":""},"class_list":["post-938","page","type-page","status-publish","hentry"],"acf":[],"yoast_head":"<!-- This site is optimized with the Yoast SEO plugin v26.3 - https:\/\/yoast.com\/wordpress\/plugins\/seo\/ -->\n<title>Impressum - ISB -INSTITUT S\u00dcDTIROLER BAUSTOFFTECHNOLOGIE<\/title>\n<meta name=\"robots\" content=\"index, follow, max-snippet:-1, max-image-preview:large, max-video-preview:-1\" \/>\n<link rel=\"canonical\" href=\"https:\/\/isb.bz.it\/it\/impressum\/\" \/>\n<meta property=\"og:locale\" content=\"it_IT\" \/>\n<meta property=\"og:type\" content=\"article\" \/>\n<meta property=\"og:title\" content=\"Impressum - ISB -INSTITUT S\u00dcDTIROLER BAUSTOFFTECHNOLOGIE\" \/>\n<meta property=\"og:description\" content=\"ISB &#8211; Istituto tecnologia materiali edili Alto Adige S.C.R.L. via Plattner 1 I-39040 Varna, BZ Tel.: +39 0472 970674 E-Mail: info@isb.bz.it Webhosting \/ Programmazione:\u00a0 office@klubarbeit.net Web | EDV | Multimedia\" \/>\n<meta property=\"og:url\" content=\"https:\/\/isb.bz.it\/it\/impressum\/\" \/>\n<meta property=\"og:site_name\" content=\"ISB -INSTITUT S\u00dcDTIROLER BAUSTOFFTECHNOLOGIE\" \/>\n<meta property=\"article:modified_time\" content=\"2021-08-02T06:28:11+00:00\" \/>\n<meta property=\"og:image\" content=\"https:\/\/isb.bz.it\/wp-content\/uploads\/2020\/04\/klubarbeit-net.png\" \/>\n<meta name=\"twitter:card\" content=\"summary_large_image\" \/>\n<script type=\"application\/ld+json\" class=\"yoast-schema-graph\">{\"@context\":\"https:\/\/schema.org\",\"@graph\":[{\"@type\":\"WebPage\",\"@id\":\"https:\/\/isb.bz.it\/it\/impressum\/\",\"url\":\"https:\/\/isb.bz.it\/it\/impressum\/\",\"name\":\"Impressum - ISB -INSTITUT S\u00dcDTIROLER BAUSTOFFTECHNOLOGIE\",\"isPartOf\":{\"@id\":\"https:\/\/isb.bz.it\/#website\"},\"primaryImageOfPage\":{\"@id\":\"https:\/\/isb.bz.it\/it\/impressum\/#primaryimage\"},\"image\":{\"@id\":\"https:\/\/isb.bz.it\/it\/impressum\/#primaryimage\"},\"thumbnailUrl\":\"https:\/\/isb.bz.it\/wp-content\/uploads\/2020\/04\/klubarbeit-net.png\",\"datePublished\":\"2020-04-21T06:35:27+00:00\",\"dateModified\":\"2021-08-02T06:28:11+00:00\",\"breadcrumb\":{\"@id\":\"https:\/\/isb.bz.it\/it\/impressum\/#breadcrumb\"},\"inLanguage\":\"it-IT\",\"potentialAction\":[{\"@type\":\"ReadAction\",\"target\":[\"https:\/\/isb.bz.it\/it\/impressum\/\"]}]},{\"@type\":\"ImageObject\",\"inLanguage\":\"it-IT\",\"@id\":\"https:\/\/isb.bz.it\/it\/impressum\/#primaryimage\",\"url\":\"https:\/\/isb.bz.it\/wp-content\/uploads\/2020\/04\/klubarbeit-net.png\",\"contentUrl\":\"https:\/\/isb.bz.it\/wp-content\/uploads\/2020\/04\/klubarbeit-net.png\"},{\"@type\":\"BreadcrumbList\",\"@id\":\"https:\/\/isb.bz.it\/it\/impressum\/#breadcrumb\",\"itemListElement\":[{\"@type\":\"ListItem\",\"position\":1,\"name\":\"Home\",\"item\":\"https:\/\/isb.bz.it\/it\/\"},{\"@type\":\"ListItem\",\"position\":2,\"name\":\"Impressum\"}]},{\"@type\":\"WebSite\",\"@id\":\"https:\/\/isb.bz.it\/#website\",\"url\":\"https:\/\/isb.bz.it\/\",\"name\":\"ISB -INSTITUT S\u00dcDTIROLER BAUSTOFFTECHNOLOGIE\",\"description\":\"Pr\u00fcflabor f\u00fcr Baustoffe\",\"potentialAction\":[{\"@type\":\"SearchAction\",\"target\":{\"@type\":\"EntryPoint\",\"urlTemplate\":\"https:\/\/isb.bz.it\/?s={search_term_string}\"},\"query-input\":{\"@type\":\"PropertyValueSpecification\",\"valueRequired\":true,\"valueName\":\"search_term_string\"}}],\"inLanguage\":\"it-IT\"}]}<\/script>\n<!-- \/ Yoast SEO plugin. -->","yoast_head_json":{"title":"Impressum - ISB -INSTITUT S\u00dcDTIROLER BAUSTOFFTECHNOLOGIE","robots":{"index":"index","follow":"follow","max-snippet":"max-snippet:-1","max-image-preview":"max-image-preview:large","max-video-preview":"max-video-preview:-1"},"canonical":"https:\/\/isb.bz.it\/it\/impressum\/","og_locale":"it_IT","og_type":"article","og_title":"Impressum - ISB -INSTITUT S\u00dcDTIROLER BAUSTOFFTECHNOLOGIE","og_description":"ISB &#8211; Istituto tecnologia materiali edili Alto Adige S.C.R.L. via Plattner 1 I-39040 Varna, BZ Tel.: +39 0472 970674 E-Mail: info@isb.bz.it Webhosting \/ Programmazione:\u00a0 office@klubarbeit.net Web | EDV | Multimedia","og_url":"https:\/\/isb.bz.it\/it\/impressum\/","og_site_name":"ISB -INSTITUT S\u00dcDTIROLER BAUSTOFFTECHNOLOGIE","article_modified_time":"2021-08-02T06:28:11+00:00","og_image":[{"url":"https:\/\/isb.bz.it\/wp-content\/uploads\/2020\/04\/klubarbeit-net.png","type":"","width":"","height":""}],"twitter_card":"summary_large_image","schema":{"@context":"https:\/\/schema.org","@graph":[{"@type":"WebPage","@id":"https:\/\/isb.bz.it\/it\/impressum\/","url":"https:\/\/isb.bz.it\/it\/impressum\/","name":"Impressum - ISB -INSTITUT S\u00dcDTIROLER BAUSTOFFTECHNOLOGIE","isPartOf":{"@id":"https:\/\/isb.bz.it\/#website"},"primaryImageOfPage":{"@id":"https:\/\/isb.bz.it\/it\/impressum\/#primaryimage"},"image":{"@id":"https:\/\/isb.bz.it\/it\/impressum\/#primaryimage"},"thumbnailUrl":"https:\/\/isb.bz.it\/wp-content\/uploads\/2020\/04\/klubarbeit-net.png","datePublished":"2020-04-21T06:35:27+00:00","dateModified":"2021-08-02T06:28:11+00:00","breadcrumb":{"@id":"https:\/\/isb.bz.it\/it\/impressum\/#breadcrumb"},"inLanguage":"it-IT","potentialAction":[{"@type":"ReadAction","target":["https:\/\/isb.bz.it\/it\/impressum\/"]}]},{"@type":"ImageObject","inLanguage":"it-IT","@id":"https:\/\/isb.bz.it\/it\/impressum\/#primaryimage","url":"https:\/\/isb.bz.it\/wp-content\/uploads\/2020\/04\/klubarbeit-net.png","contentUrl":"https:\/\/isb.bz.it\/wp-content\/uploads\/2020\/04\/klubarbeit-net.png"},{"@type":"BreadcrumbList","@id":"https:\/\/isb.bz.it\/it\/impressum\/#breadcrumb","itemListElement":[{"@type":"ListItem","position":1,"name":"Home","item":"https:\/\/isb.bz.it\/it\/"},{"@type":"ListItem","position":2,"name":"Impressum"}]},{"@type":"WebSite","@id":"https:\/\/isb.bz.it\/#website","url":"https:\/\/isb.bz.it\/","name":"ISB -INSTITUT S\u00dcDTIROLER BAUSTOFFTECHNOLOGIE","description":"Pr\u00fcflabor f\u00fcr Baustoffe","potentialAction":[{"@type":"SearchAction","target":{"@type":"EntryPoint","urlTemplate":"https:\/\/isb.bz.it\/?s={search_term_string}"},"query-input":{"@type":"PropertyValueSpecification","valueRequired":true,"valueName":"search_term_string"}}],"inLanguage":"it-IT"}]}},"_links":{"self":[{"href":"https:\/\/isb.bz.it\/it\/wp-json\/wp\/v2\/pages\/938","targetHints":{"allow":["GET"]}}],"collection":[{"href":"https:\/\/isb.bz.it\/it\/wp-json\/wp\/v2\/pages"}],"about":[{"href":"https:\/\/isb.bz.it\/it\/wp-json\/wp\/v2\/types\/page"}],"author":[{"embeddable":true,"href":"https:\/\/isb.bz.it\/it\/wp-json\/wp\/v2\/users\/3"}],"replies":[{"embeddable":true,"href":"https:\/\/isb.bz.it\/it\/wp-json\/wp\/v2\/comments?post=938"}],"version-history":[{"count":3,"href":"https:\/\/isb.bz.it\/it\/wp-json\/wp\/v2\/pages\/938\/revisions"}],"predecessor-version":[{"id":2089,"href":"https:\/\/isb.bz.it\/it\/wp-json\/wp\/v2\/pages\/938\/revisions\/2089"}],"wp:attachment":[{"href":"https:\/\/isb.bz.it\/it\/wp-json\/wp\/v2\/media?parent=938"}],"curies":[{"name":"wp","href":"https:\/\/api.w.org\/{rel}","templated":true}]}}