{"id":936,"date":"2020-04-21T06:32:57","date_gmt":"2020-04-21T06:32:57","guid":{"rendered":"https:\/\/isb.bz.it\/service\/"},"modified":"2020-05-08T09:25:10","modified_gmt":"2020-05-08T09:25:10","slug":"servizi","status":"publish","type":"page","link":"https:\/\/isb.bz.it\/it\/servizi\/","title":{"rendered":"Servizi"},"content":{"rendered":"\r\n<p><a href=\"https:\/\/isb.bz.it\/it\/\">Home<\/a> \u00bb Servizi<\/p>\r\n<h1>\u00a0<\/h1>\r\n<p><img loading=\"lazy\" decoding=\"async\" title=\"Beton-Service-isb\" src=\"https:\/\/isb.bz.it\/wp-content\/uploads\/2020\/03\/Beton-Service-isb.jpg\" alt=\"Beton-Service-isb\" width=\"1920\" height=\"1280\" \/><\/p>\r\n<h3>calcestruzzo<\/h3>\r\n<ul>\r\n<li>Analisi sugli aggregati e sul cemento per la produzione di calcestruzzo<\/li>\r\n<li>Mixdesign<\/li>\r\n<li>Prove di resistenza a compressione e di classi di esposizione<\/li>\r\n<li>Analisi sugli cementi e aggiunte minerali<\/li>\r\n<li>Prove strutturali<\/li>\r\n<li>Verifiche preliminari e di conformit\u00e0<\/li>\r\n<li>Prove su calcestruzzo fresco e indurito<\/li>\r\n<\/ul>\r\n<h3>aggregati<\/h3>\r\n<ul>\r\n<li>Verifiche di idoneit\u00e0<\/li>\r\n<li>Audit<\/li>\r\n<li>Controllo di produzione interno ed esterno<\/li>\r\n<li>Certificazioni CE di materiali inerti e riciclati<\/li>\r\n<li>Emissione della dichiarazione di prestazione<\/li>\r\n<\/ul>\r\n<p><strong>Verifiche individuali come:<\/strong><\/p>\r\n<ul>\r\n<li>Analasi granulometrica a secco e a umido<\/li>\r\n<li>Determinazione della resistenza al gelo e disgelo<\/li>\r\n<li>Determinazione dell&#8217;assorbimento d&#8217;acqua<\/li>\r\n<\/ul>\r\n<p><img loading=\"lazy\" decoding=\"async\" title=\"Gestein-Service\" src=\"https:\/\/isb.bz.it\/wp-content\/uploads\/2020\/03\/Gestein-Service.jpg\" alt=\"Gestein-Service\" width=\"1920\" height=\"1440\" \/> <img loading=\"lazy\" decoding=\"async\" title=\"Boden-Service\" src=\"https:\/\/isb.bz.it\/wp-content\/uploads\/2020\/03\/Boden-Service.jpg\" alt=\"Boden-Service\" width=\"1920\" height=\"1300\" \/><\/p>\r\n<h3>terre<\/h3>\r\n<p><strong>Prove di campo:<\/strong><\/p>\r\n<ul>\r\n<li>Determinazione del modulo di deformazione mediante prova di carico su piastra<\/li>\r\n<li>Determinazione della densit\u00e0 in situ<\/li>\r\n<li>Calibrazione rullo<\/li>\r\n<\/ul>\r\n<p><strong>Prove in laboratorio:<\/strong><\/p>\r\n<ul>\r\n<li>Calcoli della miscela per materiali inerti legati e materiali riciclati<\/li>\r\n<li>Determinazione del contenuto d&#8217;acqua ottimale per la compattibilit\u00e0 ottimale<\/li>\r\n<li>Determinazione della resistenza al gelo, anche mediante prova di rigonfiamento<\/li>\r\n<li>Prova California Bearing Ratio (CBR)<\/li>\r\n<li>Analisi ambientali<\/li>\r\n<\/ul>\r\n<h3>Bitume e leganti bituminosi<\/h3>\r\n<ul>\r\n<li>Fori di carotaggio<\/li>\r\n<li>Prova Marshall<\/li>\r\n<li>Densit\u00e0 di volume delle carote di conglomerato bituminoso<\/li>\r\n<li>Massa specifica apparente del bitume e di materiali inerti<\/li>\r\n<li>Misurazione dello spessore dello strato<\/li>\r\n<li>Determinazione del contenuto del legante<\/li>\r\n<li>Determinazioni di curve granulometriche<\/li>\r\n<li>Determinazioni di penetizazione bitume<\/li>\r\n<li>Palla anello &#8211; Determinazione punto rammollimento<\/li>\r\n<li>Trazione indiretta ITS<\/li>\r\n<li>Sensbilit\u00e0 all&#8217;H\u00b2O ITSR<\/li>\r\n<li>Studio Mix Design<\/li>\r\n<li>Leutner<\/li>\r\n<li>Determinazione percentuale vuoti<\/li>\r\n<\/ul>\r\n<p><img loading=\"lazy\" decoding=\"async\" title=\"Asphalt-Service\" src=\"https:\/\/isb.bz.it\/wp-content\/uploads\/2020\/03\/Asphalt-Service.jpg\" alt=\"Asphalt-Service\" width=\"1920\" height=\"1280\" \/><\/p>\r\n","protected":false},"excerpt":{"rendered":"<p>Home \u00bb Servizi \u00a0 calcestruzzo Analisi sugli aggregati e sul cemento per la produzione di calcestruzzo Mixdesign Prove di resistenza a compressione e di classi di esposizione Analisi sugli cementi e aggiunte minerali Prove strutturali Verifiche preliminari e di conformit\u00e0 Prove su calcestruzzo fresco e indurito aggregati Verifiche di idoneit\u00e0 Audit Controllo di produzione interno&hellip;<\/p>\n","protected":false},"author":3,"featured_media":809,"parent":0,"menu_order":0,"comment_status":"closed","ping_status":"closed","template":"","meta":{"_acf_changed":false,"footnotes":""},"class_list":["post-936","page","type-page","status-publish","has-post-thumbnail","hentry"],"acf":[],"yoast_head":"<!-- This site is optimized with the Yoast SEO plugin v26.3 - https:\/\/yoast.com\/wordpress\/plugins\/seo\/ -->\n<title>Servizi - ISB -INSTITUT S\u00dcDTIROLER BAUSTOFFTECHNOLOGIE<\/title>\n<meta name=\"description\" content=\"Il nostro team di specialisti effettua analisi e consulenze e fornisce proposte di soluzioni personalizzate per vostre specifiche esigenze e problematiche.\" \/>\n<meta name=\"robots\" content=\"index, follow, max-snippet:-1, max-image-preview:large, max-video-preview:-1\" \/>\n<link rel=\"canonical\" href=\"https:\/\/isb.bz.it\/it\/servizi\/\" \/>\n<meta property=\"og:locale\" content=\"it_IT\" \/>\n<meta property=\"og:type\" content=\"article\" \/>\n<meta property=\"og:title\" content=\"Servizi - ISB -INSTITUT S\u00dcDTIROLER BAUSTOFFTECHNOLOGIE\" \/>\n<meta property=\"og:description\" content=\"Il nostro team di specialisti effettua analisi e consulenze e fornisce proposte di soluzioni personalizzate per vostre specifiche esigenze e problematiche.\" \/>\n<meta property=\"og:url\" content=\"https:\/\/isb.bz.it\/it\/servizi\/\" \/>\n<meta property=\"og:site_name\" content=\"ISB -INSTITUT S\u00dcDTIROLER BAUSTOFFTECHNOLOGIE\" \/>\n<meta property=\"article:modified_time\" content=\"2020-05-08T09:25:10+00:00\" \/>\n<meta property=\"og:image\" content=\"https:\/\/isb.bz.it\/wp-content\/uploads\/2020\/03\/Labor5-min-scaled.jpg\" \/>\n\t<meta property=\"og:image:width\" content=\"2560\" \/>\n\t<meta property=\"og:image:height\" content=\"1516\" \/>\n\t<meta property=\"og:image:type\" content=\"image\/jpeg\" \/>\n<meta name=\"twitter:card\" content=\"summary_large_image\" \/>\n<meta name=\"twitter:label1\" content=\"Tempo di lettura stimato\" \/>\n\t<meta name=\"twitter:data1\" content=\"1 minuto\" \/>\n<script type=\"application\/ld+json\" class=\"yoast-schema-graph\">{\"@context\":\"https:\/\/schema.org\",\"@graph\":[{\"@type\":\"WebPage\",\"@id\":\"https:\/\/isb.bz.it\/it\/servizi\/\",\"url\":\"https:\/\/isb.bz.it\/it\/servizi\/\",\"name\":\"Servizi - ISB -INSTITUT S\u00dcDTIROLER BAUSTOFFTECHNOLOGIE\",\"isPartOf\":{\"@id\":\"https:\/\/isb.bz.it\/#website\"},\"primaryImageOfPage\":{\"@id\":\"https:\/\/isb.bz.it\/it\/servizi\/#primaryimage\"},\"image\":{\"@id\":\"https:\/\/isb.bz.it\/it\/servizi\/#primaryimage\"},\"thumbnailUrl\":\"https:\/\/isb.bz.it\/wp-content\/uploads\/2020\/03\/Labor5-min-scaled.jpg\",\"datePublished\":\"2020-04-21T06:32:57+00:00\",\"dateModified\":\"2020-05-08T09:25:10+00:00\",\"description\":\"Il nostro team di specialisti effettua analisi e consulenze e fornisce proposte di soluzioni personalizzate per vostre specifiche esigenze e problematiche.\",\"breadcrumb\":{\"@id\":\"https:\/\/isb.bz.it\/it\/servizi\/#breadcrumb\"},\"inLanguage\":\"it-IT\",\"potentialAction\":[{\"@type\":\"ReadAction\",\"target\":[\"https:\/\/isb.bz.it\/it\/servizi\/\"]}]},{\"@type\":\"ImageObject\",\"inLanguage\":\"it-IT\",\"@id\":\"https:\/\/isb.bz.it\/it\/servizi\/#primaryimage\",\"url\":\"https:\/\/isb.bz.it\/wp-content\/uploads\/2020\/03\/Labor5-min-scaled.jpg\",\"contentUrl\":\"https:\/\/isb.bz.it\/wp-content\/uploads\/2020\/03\/Labor5-min-scaled.jpg\",\"width\":2560,\"height\":1516},{\"@type\":\"BreadcrumbList\",\"@id\":\"https:\/\/isb.bz.it\/it\/servizi\/#breadcrumb\",\"itemListElement\":[{\"@type\":\"ListItem\",\"position\":1,\"name\":\"Home\",\"item\":\"https:\/\/isb.bz.it\/it\/\"},{\"@type\":\"ListItem\",\"position\":2,\"name\":\"Servizi\"}]},{\"@type\":\"WebSite\",\"@id\":\"https:\/\/isb.bz.it\/#website\",\"url\":\"https:\/\/isb.bz.it\/\",\"name\":\"ISB -INSTITUT S\u00dcDTIROLER BAUSTOFFTECHNOLOGIE\",\"description\":\"Pr\u00fcflabor f\u00fcr Baustoffe\",\"potentialAction\":[{\"@type\":\"SearchAction\",\"target\":{\"@type\":\"EntryPoint\",\"urlTemplate\":\"https:\/\/isb.bz.it\/?s={search_term_string}\"},\"query-input\":{\"@type\":\"PropertyValueSpecification\",\"valueRequired\":true,\"valueName\":\"search_term_string\"}}],\"inLanguage\":\"it-IT\"}]}<\/script>\n<!-- \/ Yoast SEO plugin. -->","yoast_head_json":{"title":"Servizi - ISB -INSTITUT S\u00dcDTIROLER BAUSTOFFTECHNOLOGIE","description":"Il nostro team di specialisti effettua analisi e consulenze e fornisce proposte di soluzioni personalizzate per vostre specifiche esigenze e problematiche.","robots":{"index":"index","follow":"follow","max-snippet":"max-snippet:-1","max-image-preview":"max-image-preview:large","max-video-preview":"max-video-preview:-1"},"canonical":"https:\/\/isb.bz.it\/it\/servizi\/","og_locale":"it_IT","og_type":"article","og_title":"Servizi - ISB -INSTITUT S\u00dcDTIROLER BAUSTOFFTECHNOLOGIE","og_description":"Il nostro team di specialisti effettua analisi e consulenze e fornisce proposte di soluzioni personalizzate per vostre specifiche esigenze e problematiche.","og_url":"https:\/\/isb.bz.it\/it\/servizi\/","og_site_name":"ISB -INSTITUT S\u00dcDTIROLER BAUSTOFFTECHNOLOGIE","article_modified_time":"2020-05-08T09:25:10+00:00","og_image":[{"width":2560,"height":1516,"url":"https:\/\/isb.bz.it\/wp-content\/uploads\/2020\/03\/Labor5-min-scaled.jpg","type":"image\/jpeg"}],"twitter_card":"summary_large_image","twitter_misc":{"Tempo di lettura stimato":"1 minuto"},"schema":{"@context":"https:\/\/schema.org","@graph":[{"@type":"WebPage","@id":"https:\/\/isb.bz.it\/it\/servizi\/","url":"https:\/\/isb.bz.it\/it\/servizi\/","name":"Servizi - ISB -INSTITUT S\u00dcDTIROLER BAUSTOFFTECHNOLOGIE","isPartOf":{"@id":"https:\/\/isb.bz.it\/#website"},"primaryImageOfPage":{"@id":"https:\/\/isb.bz.it\/it\/servizi\/#primaryimage"},"image":{"@id":"https:\/\/isb.bz.it\/it\/servizi\/#primaryimage"},"thumbnailUrl":"https:\/\/isb.bz.it\/wp-content\/uploads\/2020\/03\/Labor5-min-scaled.jpg","datePublished":"2020-04-21T06:32:57+00:00","dateModified":"2020-05-08T09:25:10+00:00","description":"Il nostro team di specialisti effettua analisi e consulenze e fornisce proposte di soluzioni personalizzate per vostre specifiche esigenze e problematiche.","breadcrumb":{"@id":"https:\/\/isb.bz.it\/it\/servizi\/#breadcrumb"},"inLanguage":"it-IT","potentialAction":[{"@type":"ReadAction","target":["https:\/\/isb.bz.it\/it\/servizi\/"]}]},{"@type":"ImageObject","inLanguage":"it-IT","@id":"https:\/\/isb.bz.it\/it\/servizi\/#primaryimage","url":"https:\/\/isb.bz.it\/wp-content\/uploads\/2020\/03\/Labor5-min-scaled.jpg","contentUrl":"https:\/\/isb.bz.it\/wp-content\/uploads\/2020\/03\/Labor5-min-scaled.jpg","width":2560,"height":1516},{"@type":"BreadcrumbList","@id":"https:\/\/isb.bz.it\/it\/servizi\/#breadcrumb","itemListElement":[{"@type":"ListItem","position":1,"name":"Home","item":"https:\/\/isb.bz.it\/it\/"},{"@type":"ListItem","position":2,"name":"Servizi"}]},{"@type":"WebSite","@id":"https:\/\/isb.bz.it\/#website","url":"https:\/\/isb.bz.it\/","name":"ISB -INSTITUT S\u00dcDTIROLER BAUSTOFFTECHNOLOGIE","description":"Pr\u00fcflabor f\u00fcr Baustoffe","potentialAction":[{"@type":"SearchAction","target":{"@type":"EntryPoint","urlTemplate":"https:\/\/isb.bz.it\/?s={search_term_string}"},"query-input":{"@type":"PropertyValueSpecification","valueRequired":true,"valueName":"search_term_string"}}],"inLanguage":"it-IT"}]}},"_links":{"self":[{"href":"https:\/\/isb.bz.it\/it\/wp-json\/wp\/v2\/pages\/936","targetHints":{"allow":["GET"]}}],"collection":[{"href":"https:\/\/isb.bz.it\/it\/wp-json\/wp\/v2\/pages"}],"about":[{"href":"https:\/\/isb.bz.it\/it\/wp-json\/wp\/v2\/types\/page"}],"author":[{"embeddable":true,"href":"https:\/\/isb.bz.it\/it\/wp-json\/wp\/v2\/users\/3"}],"replies":[{"embeddable":true,"href":"https:\/\/isb.bz.it\/it\/wp-json\/wp\/v2\/comments?post=936"}],"version-history":[{"count":8,"href":"https:\/\/isb.bz.it\/it\/wp-json\/wp\/v2\/pages\/936\/revisions"}],"predecessor-version":[{"id":1971,"href":"https:\/\/isb.bz.it\/it\/wp-json\/wp\/v2\/pages\/936\/revisions\/1971"}],"wp:featuredmedia":[{"embeddable":true,"href":"https:\/\/isb.bz.it\/it\/wp-json\/wp\/v2\/media\/809"}],"wp:attachment":[{"href":"https:\/\/isb.bz.it\/it\/wp-json\/wp\/v2\/media?parent=936"}],"curies":[{"name":"wp","href":"https:\/\/api.w.org\/{rel}","templated":true}]}}