{"id":934,"date":"2020-04-21T06:32:19","date_gmt":"2020-04-21T06:32:19","guid":{"rendered":"https:\/\/isb.bz.it\/home\/"},"modified":"2020-05-08T09:12:23","modified_gmt":"2020-05-08T09:12:23","slug":"home","status":"publish","type":"page","link":"https:\/\/isb.bz.it\/it\/","title":{"rendered":"Home"},"content":{"rendered":"\r\n<h1>ISB &#8211; ISTITUTO TECNOLOGIA MATERIALI EDILI ALTO ADIGE<\/h1>\r\n<h2>GARANZIA DI QUALIT\u00c0 PER L&#8217;EDILIZIA SOSTENIBILE<\/h2>\r\n<p>L&#8217;Istituto Tecnologia Materiali Edili Alto Adige S.C.R.L. (ISB) \u00e8 un organismo di controllo con l&#8217;obiettivo di garantire la qualit\u00e0 per i nostri partner e clienti. La stretta e intensa collaborazione con i nostri clienti ci permette di aumentare la qualit\u00e0 e di ottimizzare in modo mirato i processi di produzione.<\/p>\r\n<p>Il nostro team di specialisti effettua analisi e consulenze e fornisce proposte di soluzioni personalizzate per vostre specifiche esigenze e problematiche.<\/p>\r\n<p>I compiti del nostro laboratorio sono la verifica dei siti di produzione di calcestruzzo e pietrame, l&#8217;esecuzione di prove di identificazione e verifiche di conformit\u00e0, nonch\u00e9 il supporto durante le certificazioni di prodotto e di stabilimento. Grazie al reparto di ricerca interno ci occupiamo personalmente della gestione e della realizzazione di progetti di ricerca sulla tecnologia dei materiali.<\/p>\r\n<p>Questo connubio tra laboratorio di controllo e centro di ricerca \u00e8 ci\u00f2 che ci permette di garantire un servizio professionale e innovativo all&#8217;avanguardia della tecnologia.<\/p>\r\n<h4><strong>CONSULENZE<\/strong><\/h4>\r\n<ul>\r\n<li>in fase di progettazione<\/li>\r\n<li>durante l\u2019esecuzione<\/li>\r\n<li>per l\u2019analisi dei danni<\/li>\r\n<li>in caso di manutenzioni correttive e riparazioni<\/li>\r\n<\/ul>\r\n<h4><strong>CONTROLLO DEL CANTIERE<\/strong><\/h4>\r\n<ul>\r\n<li>Prove di identificazione e\/o accettazione<\/li>\r\n<li>Audit<\/li>\r\n<li>Prove strutturali<\/li>\r\n<li>Rilievi sulle condizioni esistenti<\/li>\r\n<\/ul>\r\n<h2>Servizi<\/h2>\r\n<p>Calcestruzzo<\/p>\r\n<ul>\r\n<li>Analisi sulgli aggregati e sul cemento per la produzione di calcestruzzo<\/li>\r\n<li>Mixdesign<\/li>\r\n<\/ul>\r\n<p><a role=\"button\" href=\"https:\/\/isb.bz.it\/it\/service\/#beton\" target=\"_self\" rel=\"noopener noreferrer\"> Leggi di pi\u00f9&#8230; <\/a> aggregati<\/p>\r\n<ul>\r\n<li>Verifiche di idoneit\u00e0<\/li>\r\n<li>Audit<\/li>\r\n<\/ul>\r\n<p><a role=\"button\" href=\"https:\/\/isb.bz.it\/it\/service\/#gestein\" target=\"_self\" rel=\"noopener noreferrer\"> Leggi di pi\u00f9&#8230; <\/a> terre<\/p>\r\n<ul>\r\n<li>Determinazione del modulo di deformazione mediante prova di carico su piastra<\/li>\r\n<li>Determinazione della densit\u00e0 in situ<\/li>\r\n<\/ul>\r\n<p><a role=\"button\" href=\"https:\/\/isb.bz.it\/it\/service\/#boden\" target=\"_self\" rel=\"noopener noreferrer\"> Leggi di pi\u00f9&#8230; <\/a> bitume e leganti bituminosi<\/p>\r\n<ul>\r\n<li>Fori di carotaggio<\/li>\r\n<li>Prova Marshall<\/li>\r\n<\/ul>\r\n<p><a role=\"button\" href=\"https:\/\/isb.bz.it\/it\/service\/#asphalt\" target=\"_self\" rel=\"noopener noreferrer\"> Leggi di pi\u00f9&#8230; <\/a><\/p>\r\n","protected":false},"excerpt":{"rendered":"<p>ISB &#8211; ISTITUTO TECNOLOGIA MATERIALI EDILI ALTO ADIGE GARANZIA DI QUALIT\u00c0 PER L&#8217;EDILIZIA SOSTENIBILE L&#8217;Istituto Tecnologia Materiali Edili Alto Adige S.C.R.L. (ISB) \u00e8 un organismo di controllo con l&#8217;obiettivo di garantire la qualit\u00e0 per i nostri partner e clienti. La stretta e intensa collaborazione con i nostri clienti ci permette di aumentare la qualit\u00e0 e&hellip;<\/p>\n","protected":false},"author":3,"featured_media":0,"parent":0,"menu_order":0,"comment_status":"closed","ping_status":"closed","template":"","meta":{"_acf_changed":false,"footnotes":""},"class_list":["post-934","page","type-page","status-publish","hentry"],"acf":[],"yoast_head":"<!-- This site is optimized with the Yoast SEO plugin v26.3 - https:\/\/yoast.com\/wordpress\/plugins\/seo\/ -->\n<title>Home - ISB -INSTITUT S\u00dcDTIROLER BAUSTOFFTECHNOLOGIE<\/title>\n<meta name=\"description\" content=\"L&#039;Istituto Tecnologia Materiali Edili Alto Adige \u00e8 un organismo di controllo con l&#039;obiettivo di garantire la qualit\u00e0 per i nostri partner e clienti.\" \/>\n<meta name=\"robots\" content=\"index, follow, max-snippet:-1, max-image-preview:large, max-video-preview:-1\" \/>\n<link rel=\"canonical\" href=\"https:\/\/isb.bz.it\/it\/\" \/>\n<meta property=\"og:locale\" content=\"it_IT\" \/>\n<meta property=\"og:type\" content=\"article\" \/>\n<meta property=\"og:title\" content=\"Home - ISB -INSTITUT S\u00dcDTIROLER BAUSTOFFTECHNOLOGIE\" \/>\n<meta property=\"og:description\" content=\"L&#039;Istituto Tecnologia Materiali Edili Alto Adige \u00e8 un organismo di controllo con l&#039;obiettivo di garantire la qualit\u00e0 per i nostri partner e clienti.\" \/>\n<meta property=\"og:url\" content=\"https:\/\/isb.bz.it\/it\/\" \/>\n<meta property=\"og:site_name\" content=\"ISB -INSTITUT S\u00dcDTIROLER BAUSTOFFTECHNOLOGIE\" \/>\n<meta property=\"article:modified_time\" content=\"2020-05-08T09:12:23+00:00\" \/>\n<meta name=\"twitter:card\" content=\"summary_large_image\" \/>\n<meta name=\"twitter:label1\" content=\"Tempo di lettura stimato\" \/>\n\t<meta name=\"twitter:data1\" content=\"1 minuto\" \/>\n<script type=\"application\/ld+json\" class=\"yoast-schema-graph\">{\"@context\":\"https:\/\/schema.org\",\"@graph\":[{\"@type\":\"WebPage\",\"@id\":\"https:\/\/isb.bz.it\/it\/\",\"url\":\"https:\/\/isb.bz.it\/it\/\",\"name\":\"Home - ISB -INSTITUT S\u00dcDTIROLER BAUSTOFFTECHNOLOGIE\",\"isPartOf\":{\"@id\":\"https:\/\/isb.bz.it\/#website\"},\"datePublished\":\"2020-04-21T06:32:19+00:00\",\"dateModified\":\"2020-05-08T09:12:23+00:00\",\"description\":\"L'Istituto Tecnologia Materiali Edili Alto Adige \u00e8 un organismo di controllo con l'obiettivo di garantire la qualit\u00e0 per i nostri partner e clienti.\",\"breadcrumb\":{\"@id\":\"https:\/\/isb.bz.it\/it\/#breadcrumb\"},\"inLanguage\":\"it-IT\",\"potentialAction\":[{\"@type\":\"ReadAction\",\"target\":[\"https:\/\/isb.bz.it\/it\/\"]}]},{\"@type\":\"BreadcrumbList\",\"@id\":\"https:\/\/isb.bz.it\/it\/#breadcrumb\",\"itemListElement\":[{\"@type\":\"ListItem\",\"position\":1,\"name\":\"Home\",\"item\":\"https:\/\/isb.bz.it\/it\/\"},{\"@type\":\"ListItem\",\"position\":2,\"name\":\"Home\"}]},{\"@type\":\"WebSite\",\"@id\":\"https:\/\/isb.bz.it\/#website\",\"url\":\"https:\/\/isb.bz.it\/\",\"name\":\"ISB -INSTITUT S\u00dcDTIROLER BAUSTOFFTECHNOLOGIE\",\"description\":\"Pr\u00fcflabor f\u00fcr Baustoffe\",\"potentialAction\":[{\"@type\":\"SearchAction\",\"target\":{\"@type\":\"EntryPoint\",\"urlTemplate\":\"https:\/\/isb.bz.it\/?s={search_term_string}\"},\"query-input\":{\"@type\":\"PropertyValueSpecification\",\"valueRequired\":true,\"valueName\":\"search_term_string\"}}],\"inLanguage\":\"it-IT\"}]}<\/script>\n<!-- \/ Yoast SEO plugin. -->","yoast_head_json":{"title":"Home - ISB -INSTITUT S\u00dcDTIROLER BAUSTOFFTECHNOLOGIE","description":"L'Istituto Tecnologia Materiali Edili Alto Adige \u00e8 un organismo di controllo con l'obiettivo di garantire la qualit\u00e0 per i nostri partner e clienti.","robots":{"index":"index","follow":"follow","max-snippet":"max-snippet:-1","max-image-preview":"max-image-preview:large","max-video-preview":"max-video-preview:-1"},"canonical":"https:\/\/isb.bz.it\/it\/","og_locale":"it_IT","og_type":"article","og_title":"Home - ISB -INSTITUT S\u00dcDTIROLER BAUSTOFFTECHNOLOGIE","og_description":"L'Istituto Tecnologia Materiali Edili Alto Adige \u00e8 un organismo di controllo con l'obiettivo di garantire la qualit\u00e0 per i nostri partner e clienti.","og_url":"https:\/\/isb.bz.it\/it\/","og_site_name":"ISB -INSTITUT S\u00dcDTIROLER BAUSTOFFTECHNOLOGIE","article_modified_time":"2020-05-08T09:12:23+00:00","twitter_card":"summary_large_image","twitter_misc":{"Tempo di lettura stimato":"1 minuto"},"schema":{"@context":"https:\/\/schema.org","@graph":[{"@type":"WebPage","@id":"https:\/\/isb.bz.it\/it\/","url":"https:\/\/isb.bz.it\/it\/","name":"Home - ISB -INSTITUT S\u00dcDTIROLER BAUSTOFFTECHNOLOGIE","isPartOf":{"@id":"https:\/\/isb.bz.it\/#website"},"datePublished":"2020-04-21T06:32:19+00:00","dateModified":"2020-05-08T09:12:23+00:00","description":"L'Istituto Tecnologia Materiali Edili Alto Adige \u00e8 un organismo di controllo con l'obiettivo di garantire la qualit\u00e0 per i nostri partner e clienti.","breadcrumb":{"@id":"https:\/\/isb.bz.it\/it\/#breadcrumb"},"inLanguage":"it-IT","potentialAction":[{"@type":"ReadAction","target":["https:\/\/isb.bz.it\/it\/"]}]},{"@type":"BreadcrumbList","@id":"https:\/\/isb.bz.it\/it\/#breadcrumb","itemListElement":[{"@type":"ListItem","position":1,"name":"Home","item":"https:\/\/isb.bz.it\/it\/"},{"@type":"ListItem","position":2,"name":"Home"}]},{"@type":"WebSite","@id":"https:\/\/isb.bz.it\/#website","url":"https:\/\/isb.bz.it\/","name":"ISB -INSTITUT S\u00dcDTIROLER BAUSTOFFTECHNOLOGIE","description":"Pr\u00fcflabor f\u00fcr Baustoffe","potentialAction":[{"@type":"SearchAction","target":{"@type":"EntryPoint","urlTemplate":"https:\/\/isb.bz.it\/?s={search_term_string}"},"query-input":{"@type":"PropertyValueSpecification","valueRequired":true,"valueName":"search_term_string"}}],"inLanguage":"it-IT"}]}},"_links":{"self":[{"href":"https:\/\/isb.bz.it\/it\/wp-json\/wp\/v2\/pages\/934","targetHints":{"allow":["GET"]}}],"collection":[{"href":"https:\/\/isb.bz.it\/it\/wp-json\/wp\/v2\/pages"}],"about":[{"href":"https:\/\/isb.bz.it\/it\/wp-json\/wp\/v2\/types\/page"}],"author":[{"embeddable":true,"href":"https:\/\/isb.bz.it\/it\/wp-json\/wp\/v2\/users\/3"}],"replies":[{"embeddable":true,"href":"https:\/\/isb.bz.it\/it\/wp-json\/wp\/v2\/comments?post=934"}],"version-history":[{"count":8,"href":"https:\/\/isb.bz.it\/it\/wp-json\/wp\/v2\/pages\/934\/revisions"}],"predecessor-version":[{"id":1970,"href":"https:\/\/isb.bz.it\/it\/wp-json\/wp\/v2\/pages\/934\/revisions\/1970"}],"wp:attachment":[{"href":"https:\/\/isb.bz.it\/it\/wp-json\/wp\/v2\/media?parent=934"}],"curies":[{"name":"wp","href":"https:\/\/api.w.org\/{rel}","templated":true}]}}