{"id":933,"date":"2020-04-21T06:31:43","date_gmt":"2020-04-21T06:31:43","guid":{"rendered":"https:\/\/isb.bz.it\/partner-gesellschafter\/"},"modified":"2025-11-27T08:28:40","modified_gmt":"2025-11-27T08:28:40","slug":"partner-assocciati","status":"publish","type":"page","link":"https:\/\/isb.bz.it\/it\/partner-assocciati\/","title":{"rendered":"Partner &#038; Associati"},"content":{"rendered":"<nav id=\"breadcrumbs\" aria-label=\"Breadcrumbs\"><a href=\"https:\/\/isb.bz.it\/it\/\">Home<\/a> \u00bb Partner &amp; Associati<\/nav>\r\n<h2>I NOSTRI PARTNER<\/h2>\r\n<h3><strong>IBI &#8211; Euregio Centro di competenza s.c.a.r.l.<\/strong><\/h3>\r\n<p><a href=\"https:\/\/www.ibi-kompetenz.eu\/\" target=\"_blank\" rel=\"noopener\"><img loading=\"lazy\" decoding=\"async\" src=\"https:\/\/isb.bz.it\/wp-content\/uploads\/2020\/03\/IBI-Logo-4c-300x266.png\" alt=\"\" width=\"130\" height=\"115\" \/><\/a>IBI \u00e8 un centro di competenza interdisciplinare che si occupa di affrontare, a livello interregionale, le sfide del terreno e del clima alpino nel settore edile. Nel centro collaborano esperti provenienti da Italia, Austria, Germania e Svizzera. Questa rete di esperti riunisce in s\u00e8 il know-how dei campi della progettazione, geologia, tecnica delle misurazioni, idrologia, tecnologia dei materiali di costruzione e molti altri ancora. Lavorando nell&#8217;ambito di varie discipline su importanti problematiche infrastrutturali, il centro fornisce consulenze su specifici progetti di costruzione, valuta i metodi utilizzati e sviluppa soluzioni innovative per clienti pubblici e privati, gestori di infrastrutture e vari appaltatori.<\/p>\r\n<h3><strong>TIQU- Tiroler Qualit\u00e4tszentrum f\u00fcr Umwelt, Bau und Rohstoffe GmbH<\/strong><br \/><a href=\"https:\/\/tiqu.at\/\" target=\"_blank\" rel=\"noopener\"><img loading=\"lazy\" decoding=\"async\" src=\"https:\/\/isb.bz.it\/wp-content\/uploads\/2020\/03\/TIQU_Logo_2019-300x300.jpg\" alt=\"\" width=\"150\" height=\"150\" \/><\/a><\/h3>\r\n<p>Il Centro di qualit\u00e0 per l&#8217;ambiente, l&#8217;edilizia e le materie prime \u00e8 sinonimo di un servizio a 360\u00b0. Geologi, fisici edili, chimici, biologi e ingegneri sono, attraverso i loro metodi cooperativi, il fattore rete decisivo per padroneggiare le sfide future nel settore dell&#8217;edilizia e delle infrastrutture e per contribuire alla definizione di nuove soluzioni.\u00a0L&#8217;impresa offre soluzioni personalizzate e di qualit\u00e0 garantita a ogni singolo cliente.\u00a0 Per questo TIQU \u00e8 un&#8217;impresa certificata per lo sviluppo e l&#8217;elaborazione dei progetti, la gestione di impianti, la ricerca e la formazione professionale e per il suo laboratorio per la garanzia della qualit\u00e0 accreditato quale ente di prova, ispezione e certificazione.<\/p>\r\n<h3><strong>Concrete associazione calcestruzzo alto adige<\/strong><\/h3>\r\n<p><img loading=\"lazy\" decoding=\"async\" src=\"https:\/\/isb.bz.it\/wp-content\/uploads\/2020\/06\/logo-concrete-300x126.jpg\" alt=\"\" width=\"300\" height=\"126\" \/>Concrete, l&#8217;Associazione Calcestruzzo Alto Adige, \u00e8 stata fondata nel 2016 e ad oggi conta gi\u00e0 circa 30 soci. Siamo produttori di calcestruzzo, imprenditori edili, costruttori e progettisti dell&#8217;Alto Adige. Su invito di IDM abbiamo unito le nostre forze per lavorare ad una nuova visione strategica del settore proiettata verso il futuro e sull&#8217;immagine del calcestruzzo in qualit\u00e0 di materiale da costruzione. Tra le altre attivit\u00e0 promuoviamo iniziative che mirano ad evidenziare il valore del calcestruzzo, le sue versatili propriet\u00e0 tecnologiche e il relativo impiego corretto e sostenibile nell&#8217;edilizia.<\/p>\r\n<h2>I NOSTRI SOCI<\/h2>\r\n<h3><strong>Beton Eisack SRL<\/strong><\/h3>\r\n<p><a href=\"https:\/\/www.beton-eisack.it\/de\"><img loading=\"lazy\" decoding=\"async\" src=\"https:\/\/isb.bz.it\/wp-content\/uploads\/2020\/03\/logo-beton-eisack-300x78.jpg\" alt=\"\" width=\"300\" height=\"78\" \/><\/a><\/p>\r\n<p>La ditta Beton Eisack Srl \u00e9 leader nella produzione e fornitura di calcestruzzo preconfezionato in tutte le classi di esposizione e di resistenza.\u00a0 La sua gamma dei servizi comprende anche altre attivit\u00e0 gravitanti intorno all&#8217;edilizia: demolizioni, lavori di scavo e movimento terra, ingegneria civile e sotterranea, raccolta di macerie edili con smaltimento e riciclaggio di materiali edili, servizi di trasporto di materiali edili e macchinari per l&#8217;edilizia, vendita di sabbia, ghiaia e pietrisco, nonch\u00e9 attivit\u00e0 accessorie nei settori dei lavori direzionali, dello sgombero neve e della protezione civile.<\/p>\r\n<h3><strong>Bitumisarco SRL<\/strong><\/h3>\r\n<p><a href=\"http:\/\/www.bitumisarco.it\/de\/strassendienst-s%C3%BCdtirol\/1-0.html\" target=\"_blank\" rel=\"noopener\"><img loading=\"lazy\" decoding=\"async\" src=\"https:\/\/isb.bz.it\/wp-content\/uploads\/2020\/03\/Bitumisarco-300x134.png\" alt=\"\" width=\"300\" height=\"134\" \/><\/a><\/p>\r\n<p>La Bitumisarco s.r.l., dedita inizialmente alla produzione di inerti e conglomerati bituminosi, nel 1974 costituisce le squadre di stesa per la posa in opera del conglomerato prodotto. Da quasi mezzo secolo di tradizione ed esperienza deriva la profonda competenza e lo stimolo al continuo miglioramento che caratterizzano la nostra azienda.<\/p>\r\n<h3><strong>Gasser srl<\/strong><\/h3>\r\n<p><a href=\"https:\/\/www.gassertiefbau.com\/de\" target=\"_blank\" rel=\"noopener\"><img loading=\"lazy\" decoding=\"async\" src=\"https:\/\/isb.bz.it\/wp-content\/uploads\/2020\/03\/GasserLogo-300x104.jpg\" alt=\"\" width=\"300\" height=\"104\" \/><\/a><\/p>\r\n<p>GASSER \u00e8 una societ\u00e0 di ingegneria civile specializzata in particolare nella realizzazione di strade, infrastrutture, risanamenti, discariche, dighe per impianti di irrigazione, lavori di scavo di qualsiasi genere.<\/p>\r\n<h3><strong>Kofler &amp; Rech spa<\/strong><\/h3>\r\n<p><a href=\"https:\/\/www.kofler-rech.it\/\" target=\"_blank\" rel=\"noopener\"><img loading=\"lazy\" decoding=\"async\" src=\"https:\/\/isb.bz.it\/wp-content\/uploads\/2020\/03\/Kofler-RechLogo.jpg\" alt=\"\" width=\"174\" height=\"87\" \/><\/a><\/p>\r\n<p>La ditta Kofler &amp; Rech SpA \u00e8 una delle aziende leader in Alto Adige nel settore dell&#8217;ingegneria civile, della realizzazione di strade e dell&#8217;asfaltatura.<\/p>\r\n<h3><strong>Kritzinger srl<\/strong><\/h3>\r\n<p><a href=\"https:\/\/kritzinger.it\/\" target=\"_blank\" rel=\"noopener\"><img loading=\"lazy\" decoding=\"async\" src=\"https:\/\/isb.bz.it\/wp-content\/uploads\/2020\/03\/KritzingerLogo-300x69.jpg\" alt=\"\" width=\"230\" height=\"53\" \/><\/a><\/p>\r\n<p>La Kritzinger GmbH offre servizi nel campo della produzione di calcestruzzo, della lavorazione della ghiaia e del dragaggio.<\/p>\r\n<h3><strong>Nanoalps srl<\/strong><\/h3>\r\n<p><a href=\"http:\/\/www.nanoalps.com\/\" target=\"_blank\" rel=\"noopener\"><img loading=\"lazy\" decoding=\"async\" src=\"https:\/\/isb.bz.it\/wp-content\/uploads\/2020\/03\/Nanoalps.png\" alt=\"\" width=\"223\" height=\"75\" \/><\/a><\/p>\r\n<p>Nanoalps Srl \u00e8 una societ\u00e0 di ricerca e sviluppo per la geotecnica applicata. In tutte le questioni tecniche, Nanoalps pu\u00f2 contare sull&#8217;esperienza decennale della ditta Alpenbau di Terento in (Alto Adige \/ Italia).<br \/>La base dei sistemi del marchio Nanoalps\u00ae \u00e8 rappresentata da un additivo polimerico a base di silicio utilizzato principalmente come additivo per materiali da costruzione.<\/p>\r\n<h3><strong>Ploner srl<\/strong><\/h3>\r\n<p><a href=\"https:\/\/www.ploner.expert\/\" target=\"_blank\" rel=\"noopener\"><img loading=\"lazy\" decoding=\"async\" src=\"https:\/\/isb.bz.it\/wp-content\/uploads\/2020\/03\/Ploner_logo_500-300x100.png\" alt=\"\" width=\"192\" height=\"64\" \/><\/a><\/p>\r\n<p>Con pi\u00f9 di 30 anni di esperienza Ploner Srl offre una vasta gamma di prodotti nel campo dell&#8217;ingegneria civile nel terreno alpino.<\/p>\r\n<h3><strong>Rienz Beton srl<\/strong><\/h3>\r\n<p><a href=\"http:\/\/www.rienzbeton.it\/\" target=\"_blank\" rel=\"noopener\"><img loading=\"lazy\" decoding=\"async\" src=\"https:\/\/isb.bz.it\/wp-content\/uploads\/2020\/03\/RienzBetonLogo-300x104.jpg\" alt=\"\" width=\"234\" height=\"81\" \/><\/a><\/p>\r\n<p>La ditta Rienz Beton Srl produce calcestruzzo preconfezionato in diversi stabilimenti in Val Pusteria da oltre 30 anni.<\/p>\r\n<h3><strong>Rotttensteiner srl<\/strong><\/h3>\r\n<p><a href=\"https:\/\/www.rottensteiner.net\/\" target=\"_blank\" rel=\"noopener\"><img loading=\"lazy\" decoding=\"async\" src=\"https:\/\/isb.bz.it\/wp-content\/uploads\/2020\/03\/Logo_Rottensteiner-300x300.jpg\" alt=\"\" width=\"104\" height=\"104\" \/><\/a><\/p>\r\n<p>Rotttensteiner Srl offre servizi nel campo della produzione di calcestruzzo, dell&#8217;ingegneria civile, della produzione di aggregati e del riciclaggio dei rifiuti edili.<\/p>\r\n<h3><strong>Summerer Hansj\u00f6rg &amp; Co. OHG<\/strong><\/h3>\r\n<p><a href=\"https:\/\/summerer.bz\/\" target=\"_blank\" rel=\"noopener\"><img loading=\"lazy\" decoding=\"async\" src=\"https:\/\/isb.bz.it\/wp-content\/uploads\/2020\/03\/SummererLogo.jpg\" alt=\"\" width=\"112\" height=\"90\" \/><\/a><\/p>\r\n<p>La ditta Summerer Hansj\u00f6rg &amp; Co. OHG con sede a Sesto si \u00e8 specializzata nella costruzione di reti fognarie e di approvvigionamento idrico, strade e sentieri forestali e piste da sci, lavori di livellamento, scavi e demolizioni, riciclaggio, consegne di pietrisco e calcestruzzo preconfezionato e autotrasporti<\/p>\r\n<h3><strong>Gasser Paul Srl<\/strong><\/h3>\r\n<p><a href=\"https:\/\/www.gasserpaul.it\/it\"><img loading=\"lazy\" decoding=\"async\" src=\"https:\/\/isb.bz.it\/wp-content\/uploads\/2024\/02\/Gasser-Paul-300x53.png\" alt=\"\" width=\"300\" height=\"53\" \/><\/a><\/p>\r\n<p>Il nome Gasser Paul \u00e8 da molti anni un nome familiare nell&#8217;industria edile della Val Pusteria ed \u00e8 sinonimo di competenza, innovazione e disponibilit\u00e0. La nostra azienda combina un&#8217;esperienza pluriennale con moderni sistemi di costruzione e materiali edili ad alta efficienza energetica. La massima qualit\u00e0 e il rispetto delle scadenze con una qualit\u00e0 di tipo &#8220;handshake&#8221; in tutte le discipline dell&#8217;edilizia e la soddisfazione dei clienti sono i nostri punti di forza.<\/p>\r\n<h3><strong>Goller B\u00f6gl Srl<a href=\"https:\/\/www.goller-boegl.it\/\"><img loading=\"lazy\" decoding=\"async\" src=\"https:\/\/isb.bz.it\/wp-content\/uploads\/2024\/02\/Logo-Goller-Boegl-300x98.jpg\" alt=\"\" width=\"300\" height=\"98\" \/><\/a><\/strong><\/h3>\r\n<p>Da oltre 10 anni Goller B\u00f6gl \u00e8 sinonimo di qualit\u00e0, fiducia e sostenibilit\u00e0 nel settore edile altoatesino.<\/p>\r\n<p>Oltre alla vasta esperienza nell&#8217;ingegneria civile, nel movimento terra e nella demolizione, offriamo anche la vendita di materiali edili, ovvero sabbia, ghiaia, pietre, terra, e riciclati nonch\u00e9 un servizio di trasporti in cantiere.<\/p>\r\n<h3><strong>EDILIZIA WIPPTAL SPA<\/strong><\/h3>\r\n<p><a href=\"https:\/\/www.wipptalerbau.com\/\" target=\"_blank\" rel=\"noopener\"><img loading=\"lazy\" decoding=\"async\" src=\"https:\/\/isb.bz.it\/wp-content\/uploads\/2020\/03\/Wipptaler-300x145.jpg\" alt=\"\" width=\"234\" height=\"113\" \/><\/a><\/p>\r\n<p>Le esigenze future richiedono molto di pi\u00f9 di ricette collaudate. Abbracciare il cambiamento con apertura e motivazione: con questa filosofia, la ditta Edilizia Wipptal SpA si \u00e8 sviluppata fino ad attestarti come un&#8217;impresa edile innovativa in tutti i settori dell&#8217;edilizia, sempre saldamente ancorata ai pilastri di una tradizione viva. Edilizia, ingegneria civile, edilizia sotterranea e dragaggio ad altissimi livelli.<\/p>\r\n<h3><strong>marx srl<\/strong><\/h3>\r\n<p><a href=\"https:\/\/www.marx.it\/it\/\"><img loading=\"lazy\" decoding=\"async\" src=\"https:\/\/isb.bz.it\/wp-content\/uploads\/2024\/02\/img1.png\" alt=\"\" width=\"211\" height=\"82\" \/><strong>Qualit\u00e0, innovazione e affidabilit\u00e0 <\/strong><\/a><\/p>\r\n<p>In un mondo in continua evoluzione, c&#8217;\u00e8 una cosa che rimane costante: il nostro impegno per la qualit\u00e0, l&#8217;innovazione e l&#8217;affidabilit\u00e0.<\/p>\r\n<p>Siamo noi. MARX, un&#8217;azienda familiare giunta alla terza generazione e attiva dal 1957 lungo l&#8217;intera catena del valore nell&#8217;industria delle costruzioni.<\/p>\r\n<h3><strong>Gasser Markus Srl<\/strong><\/h3>\r\n<p><a href=\"https:\/\/www.gsr.eu\/it\"><img decoding=\"async\" src=\"https:\/\/isb.bz.it\/wp-content\/uploads\/2024\/02\/logo2022.svg\" alt=\"\" width=\"250\" \/><\/a>Una squadra forte. Ci basiamo su oltre 50 anni di esperienza. Come una delle pi\u00f9 antiche aziende della Valle di Tures e Aurina, Gasser Markus GmbH ha sempre fatto affidamento su una solida base costituita da un team forte e da un chiaro impegno verso la regionalit\u00e0, l&#8217;affidabilit\u00e0 e i pi\u00f9 alti standard di qualit\u00e0 nelle costruzioni.<\/p>\r\n<h3><strong>Moser &amp; Co Srl<\/strong><\/h3>\r\n<p><a href=\"https:\/\/moser-co.com\/it\/1.html\"><img loading=\"lazy\" decoding=\"async\" src=\"https:\/\/isb.bz.it\/wp-content\/uploads\/2024\/02\/moser.png\" alt=\"\" width=\"292\" height=\"110\" \/><\/a>L&#8217;azienda Moser &amp; Co. GmbH vanta un&#8217;esperienza decennale nella produzione di ghiaia, nei lavori di movimento terra, nell&#8217;ingegneria civile, nella costruzione di strade e nel trasporto. Competenza ed esperienza sono alla base del nostro successo. Dipendenti motivati e ben addestrati assicurano che il lavoro venga svolto in modo professionale con l&#8217;aiuto di macchinari moderni.<\/p>\r\n<p><a href=\"https:\/\/www.marx.it\/it\/\">\u00a0<\/a><\/p>\r\n","protected":false},"excerpt":{"rendered":"<p>Home \u00bb Partner &amp; Associati I NOSTRI PARTNER IBI &#8211; Euregio Centro di competenza s.c.a.r.l. IBI \u00e8 un centro di competenza interdisciplinare che si occupa di affrontare, a livello interregionale, le sfide del terreno e del clima alpino nel settore edile. Nel centro collaborano esperti provenienti da Italia, Austria, Germania e Svizzera. Questa rete di&hellip;<\/p>\n","protected":false},"author":3,"featured_media":811,"parent":0,"menu_order":0,"comment_status":"closed","ping_status":"closed","template":"","meta":{"_acf_changed":false,"footnotes":""},"class_list":["post-933","page","type-page","status-publish","has-post-thumbnail","hentry"],"acf":[],"yoast_head":"<!-- This site is optimized with the Yoast SEO plugin v26.3 - https:\/\/yoast.com\/wordpress\/plugins\/seo\/ -->\n<title>Partner &amp; Associati - ISB -INSTITUT S\u00dcDTIROLER BAUSTOFFTECHNOLOGIE<\/title>\n<meta name=\"description\" content=\"La stretta e intensa collaborazione con i nostri partner ci permette di aumentare la qualit\u00e0 e di ottimizzare in modo mirato i processi di produzione.\" \/>\n<meta name=\"robots\" content=\"index, follow, max-snippet:-1, max-image-preview:large, max-video-preview:-1\" \/>\n<link rel=\"canonical\" href=\"https:\/\/isb.bz.it\/it\/partner-assocciati\/\" \/>\n<meta property=\"og:locale\" content=\"it_IT\" \/>\n<meta property=\"og:type\" content=\"article\" \/>\n<meta property=\"og:title\" content=\"Partner &amp; Associati - ISB -INSTITUT S\u00dcDTIROLER BAUSTOFFTECHNOLOGIE\" \/>\n<meta property=\"og:description\" content=\"La stretta e intensa collaborazione con i nostri partner ci permette di aumentare la qualit\u00e0 e di ottimizzare in modo mirato i processi di produzione.\" \/>\n<meta property=\"og:url\" content=\"https:\/\/isb.bz.it\/it\/partner-assocciati\/\" \/>\n<meta property=\"og:site_name\" content=\"ISB -INSTITUT S\u00dcDTIROLER BAUSTOFFTECHNOLOGIE\" \/>\n<meta property=\"article:modified_time\" content=\"2025-11-27T08:28:40+00:00\" \/>\n<meta property=\"og:image\" content=\"https:\/\/isb.bz.it\/wp-content\/uploads\/2019\/07\/Boden.jpg\" \/>\n\t<meta property=\"og:image:width\" content=\"1844\" \/>\n\t<meta property=\"og:image:height\" content=\"1212\" \/>\n\t<meta property=\"og:image:type\" content=\"image\/jpeg\" \/>\n<meta name=\"twitter:card\" content=\"summary_large_image\" \/>\n<meta name=\"twitter:label1\" content=\"Tempo di lettura stimato\" \/>\n\t<meta name=\"twitter:data1\" content=\"10 minuti\" \/>\n<script type=\"application\/ld+json\" class=\"yoast-schema-graph\">{\"@context\":\"https:\/\/schema.org\",\"@graph\":[{\"@type\":\"WebPage\",\"@id\":\"https:\/\/isb.bz.it\/it\/partner-assocciati\/\",\"url\":\"https:\/\/isb.bz.it\/it\/partner-assocciati\/\",\"name\":\"Partner & Associati - ISB -INSTITUT S\u00dcDTIROLER BAUSTOFFTECHNOLOGIE\",\"isPartOf\":{\"@id\":\"https:\/\/isb.bz.it\/#website\"},\"primaryImageOfPage\":{\"@id\":\"https:\/\/isb.bz.it\/it\/partner-assocciati\/#primaryimage\"},\"image\":{\"@id\":\"https:\/\/isb.bz.it\/it\/partner-assocciati\/#primaryimage\"},\"thumbnailUrl\":\"https:\/\/isb.bz.it\/wp-content\/uploads\/2019\/07\/Boden.jpg\",\"datePublished\":\"2020-04-21T06:31:43+00:00\",\"dateModified\":\"2025-11-27T08:28:40+00:00\",\"description\":\"La stretta e intensa collaborazione con i nostri partner ci permette di aumentare la qualit\u00e0 e di ottimizzare in modo mirato i processi di produzione.\",\"breadcrumb\":{\"@id\":\"https:\/\/isb.bz.it\/it\/partner-assocciati\/#breadcrumb\"},\"inLanguage\":\"it-IT\",\"potentialAction\":[{\"@type\":\"ReadAction\",\"target\":[\"https:\/\/isb.bz.it\/it\/partner-assocciati\/\"]}]},{\"@type\":\"ImageObject\",\"inLanguage\":\"it-IT\",\"@id\":\"https:\/\/isb.bz.it\/it\/partner-assocciati\/#primaryimage\",\"url\":\"https:\/\/isb.bz.it\/wp-content\/uploads\/2019\/07\/Boden.jpg\",\"contentUrl\":\"https:\/\/isb.bz.it\/wp-content\/uploads\/2019\/07\/Boden.jpg\",\"width\":1844,\"height\":1212},{\"@type\":\"BreadcrumbList\",\"@id\":\"https:\/\/isb.bz.it\/it\/partner-assocciati\/#breadcrumb\",\"itemListElement\":[{\"@type\":\"ListItem\",\"position\":1,\"name\":\"Home\",\"item\":\"https:\/\/isb.bz.it\/it\/\"},{\"@type\":\"ListItem\",\"position\":2,\"name\":\"Partner &#038; Associati\"}]},{\"@type\":\"WebSite\",\"@id\":\"https:\/\/isb.bz.it\/#website\",\"url\":\"https:\/\/isb.bz.it\/\",\"name\":\"ISB -INSTITUT S\u00dcDTIROLER BAUSTOFFTECHNOLOGIE\",\"description\":\"Pr\u00fcflabor f\u00fcr Baustoffe\",\"potentialAction\":[{\"@type\":\"SearchAction\",\"target\":{\"@type\":\"EntryPoint\",\"urlTemplate\":\"https:\/\/isb.bz.it\/?s={search_term_string}\"},\"query-input\":{\"@type\":\"PropertyValueSpecification\",\"valueRequired\":true,\"valueName\":\"search_term_string\"}}],\"inLanguage\":\"it-IT\"}]}<\/script>\n<!-- \/ Yoast SEO plugin. -->","yoast_head_json":{"title":"Partner & Associati - ISB -INSTITUT S\u00dcDTIROLER BAUSTOFFTECHNOLOGIE","description":"La stretta e intensa collaborazione con i nostri partner ci permette di aumentare la qualit\u00e0 e di ottimizzare in modo mirato i processi di produzione.","robots":{"index":"index","follow":"follow","max-snippet":"max-snippet:-1","max-image-preview":"max-image-preview:large","max-video-preview":"max-video-preview:-1"},"canonical":"https:\/\/isb.bz.it\/it\/partner-assocciati\/","og_locale":"it_IT","og_type":"article","og_title":"Partner & Associati - ISB -INSTITUT S\u00dcDTIROLER BAUSTOFFTECHNOLOGIE","og_description":"La stretta e intensa collaborazione con i nostri partner ci permette di aumentare la qualit\u00e0 e di ottimizzare in modo mirato i processi di produzione.","og_url":"https:\/\/isb.bz.it\/it\/partner-assocciati\/","og_site_name":"ISB -INSTITUT S\u00dcDTIROLER BAUSTOFFTECHNOLOGIE","article_modified_time":"2025-11-27T08:28:40+00:00","og_image":[{"width":1844,"height":1212,"url":"https:\/\/isb.bz.it\/wp-content\/uploads\/2019\/07\/Boden.jpg","type":"image\/jpeg"}],"twitter_card":"summary_large_image","twitter_misc":{"Tempo di lettura stimato":"10 minuti"},"schema":{"@context":"https:\/\/schema.org","@graph":[{"@type":"WebPage","@id":"https:\/\/isb.bz.it\/it\/partner-assocciati\/","url":"https:\/\/isb.bz.it\/it\/partner-assocciati\/","name":"Partner & Associati - ISB -INSTITUT S\u00dcDTIROLER BAUSTOFFTECHNOLOGIE","isPartOf":{"@id":"https:\/\/isb.bz.it\/#website"},"primaryImageOfPage":{"@id":"https:\/\/isb.bz.it\/it\/partner-assocciati\/#primaryimage"},"image":{"@id":"https:\/\/isb.bz.it\/it\/partner-assocciati\/#primaryimage"},"thumbnailUrl":"https:\/\/isb.bz.it\/wp-content\/uploads\/2019\/07\/Boden.jpg","datePublished":"2020-04-21T06:31:43+00:00","dateModified":"2025-11-27T08:28:40+00:00","description":"La stretta e intensa collaborazione con i nostri partner ci permette di aumentare la qualit\u00e0 e di ottimizzare in modo mirato i processi di produzione.","breadcrumb":{"@id":"https:\/\/isb.bz.it\/it\/partner-assocciati\/#breadcrumb"},"inLanguage":"it-IT","potentialAction":[{"@type":"ReadAction","target":["https:\/\/isb.bz.it\/it\/partner-assocciati\/"]}]},{"@type":"ImageObject","inLanguage":"it-IT","@id":"https:\/\/isb.bz.it\/it\/partner-assocciati\/#primaryimage","url":"https:\/\/isb.bz.it\/wp-content\/uploads\/2019\/07\/Boden.jpg","contentUrl":"https:\/\/isb.bz.it\/wp-content\/uploads\/2019\/07\/Boden.jpg","width":1844,"height":1212},{"@type":"BreadcrumbList","@id":"https:\/\/isb.bz.it\/it\/partner-assocciati\/#breadcrumb","itemListElement":[{"@type":"ListItem","position":1,"name":"Home","item":"https:\/\/isb.bz.it\/it\/"},{"@type":"ListItem","position":2,"name":"Partner &#038; Associati"}]},{"@type":"WebSite","@id":"https:\/\/isb.bz.it\/#website","url":"https:\/\/isb.bz.it\/","name":"ISB -INSTITUT S\u00dcDTIROLER BAUSTOFFTECHNOLOGIE","description":"Pr\u00fcflabor f\u00fcr Baustoffe","potentialAction":[{"@type":"SearchAction","target":{"@type":"EntryPoint","urlTemplate":"https:\/\/isb.bz.it\/?s={search_term_string}"},"query-input":{"@type":"PropertyValueSpecification","valueRequired":true,"valueName":"search_term_string"}}],"inLanguage":"it-IT"}]}},"_links":{"self":[{"href":"https:\/\/isb.bz.it\/it\/wp-json\/wp\/v2\/pages\/933","targetHints":{"allow":["GET"]}}],"collection":[{"href":"https:\/\/isb.bz.it\/it\/wp-json\/wp\/v2\/pages"}],"about":[{"href":"https:\/\/isb.bz.it\/it\/wp-json\/wp\/v2\/types\/page"}],"author":[{"embeddable":true,"href":"https:\/\/isb.bz.it\/it\/wp-json\/wp\/v2\/users\/3"}],"replies":[{"embeddable":true,"href":"https:\/\/isb.bz.it\/it\/wp-json\/wp\/v2\/comments?post=933"}],"version-history":[{"count":17,"href":"https:\/\/isb.bz.it\/it\/wp-json\/wp\/v2\/pages\/933\/revisions"}],"predecessor-version":[{"id":2422,"href":"https:\/\/isb.bz.it\/it\/wp-json\/wp\/v2\/pages\/933\/revisions\/2422"}],"wp:featuredmedia":[{"embeddable":true,"href":"https:\/\/isb.bz.it\/it\/wp-json\/wp\/v2\/media\/811"}],"wp:attachment":[{"href":"https:\/\/isb.bz.it\/it\/wp-json\/wp\/v2\/media?parent=933"}],"curies":[{"name":"wp","href":"https:\/\/api.w.org\/{rel}","templated":true}]}}