{"id":2124,"date":"2021-09-27T07:41:41","date_gmt":"2021-09-27T07:41:41","guid":{"rendered":"https:\/\/isb.bz.it\/en-iso-90012015\/"},"modified":"2025-11-28T09:28:16","modified_gmt":"2025-11-28T09:28:16","slug":"en-iso-90012015","status":"publish","type":"page","link":"https:\/\/isb.bz.it\/it\/en-iso-90012015\/","title":{"rendered":"ISO"},"content":{"rendered":"\r\n\r\n\t<p><img loading=\"lazy\" decoding=\"async\" src=\"https:\/\/isb.bz.it\/wp-content\/uploads\/2025\/07\/isb_r_ita_qm_24_page-0001-1-scaled.jpg\" alt=\"\" width=\"1813\" height=\"2560\" \/><\/p>\r\n\r\n","protected":false},"excerpt":{"rendered":"","protected":false},"author":8,"featured_media":0,"parent":0,"menu_order":0,"comment_status":"closed","ping_status":"closed","template":"","meta":{"_acf_changed":false,"footnotes":""},"class_list":["post-2124","page","type-page","status-publish","hentry"],"acf":[],"yoast_head":"<!-- This site is optimized with the Yoast SEO plugin v26.3 - https:\/\/yoast.com\/wordpress\/plugins\/seo\/ -->\n<title>ISO - ISB -INSTITUT S\u00dcDTIROLER BAUSTOFFTECHNOLOGIE<\/title>\n<meta name=\"robots\" content=\"index, follow, max-snippet:-1, max-image-preview:large, max-video-preview:-1\" \/>\n<link rel=\"canonical\" href=\"https:\/\/isb.bz.it\/it\/en-iso-90012015\/\" \/>\n<meta property=\"og:locale\" content=\"it_IT\" \/>\n<meta property=\"og:type\" content=\"article\" \/>\n<meta property=\"og:title\" content=\"ISO - ISB -INSTITUT S\u00dcDTIROLER BAUSTOFFTECHNOLOGIE\" \/>\n<meta property=\"og:url\" content=\"https:\/\/isb.bz.it\/it\/en-iso-90012015\/\" \/>\n<meta property=\"og:site_name\" content=\"ISB -INSTITUT S\u00dcDTIROLER BAUSTOFFTECHNOLOGIE\" \/>\n<meta property=\"article:modified_time\" content=\"2025-11-28T09:28:16+00:00\" \/>\n<meta property=\"og:image\" content=\"https:\/\/isb.bz.it\/wp-content\/uploads\/2025\/07\/isb_r_ita_qm_24_page-0001-1-scaled.jpg\" \/>\n<meta name=\"twitter:card\" content=\"summary_large_image\" \/>\n<meta name=\"twitter:label1\" content=\"Tempo di lettura stimato\" \/>\n\t<meta name=\"twitter:data1\" content=\"1 minuto\" \/>\n<script type=\"application\/ld+json\" class=\"yoast-schema-graph\">{\"@context\":\"https:\/\/schema.org\",\"@graph\":[{\"@type\":\"WebPage\",\"@id\":\"https:\/\/isb.bz.it\/it\/en-iso-90012015\/\",\"url\":\"https:\/\/isb.bz.it\/it\/en-iso-90012015\/\",\"name\":\"ISO - ISB -INSTITUT S\u00dcDTIROLER BAUSTOFFTECHNOLOGIE\",\"isPartOf\":{\"@id\":\"https:\/\/isb.bz.it\/#website\"},\"primaryImageOfPage\":{\"@id\":\"https:\/\/isb.bz.it\/it\/en-iso-90012015\/#primaryimage\"},\"image\":{\"@id\":\"https:\/\/isb.bz.it\/it\/en-iso-90012015\/#primaryimage\"},\"thumbnailUrl\":\"https:\/\/isb.bz.it\/wp-content\/uploads\/2025\/07\/isb_r_ita_qm_24_page-0001-1-scaled.jpg\",\"datePublished\":\"2021-09-27T07:41:41+00:00\",\"dateModified\":\"2025-11-28T09:28:16+00:00\",\"breadcrumb\":{\"@id\":\"https:\/\/isb.bz.it\/it\/en-iso-90012015\/#breadcrumb\"},\"inLanguage\":\"it-IT\",\"potentialAction\":[{\"@type\":\"ReadAction\",\"target\":[\"https:\/\/isb.bz.it\/it\/en-iso-90012015\/\"]}]},{\"@type\":\"ImageObject\",\"inLanguage\":\"it-IT\",\"@id\":\"https:\/\/isb.bz.it\/it\/en-iso-90012015\/#primaryimage\",\"url\":\"https:\/\/isb.bz.it\/wp-content\/uploads\/2025\/07\/isb_r_ita_qm_24_page-0001-1-scaled.jpg\",\"contentUrl\":\"https:\/\/isb.bz.it\/wp-content\/uploads\/2025\/07\/isb_r_ita_qm_24_page-0001-1-scaled.jpg\"},{\"@type\":\"BreadcrumbList\",\"@id\":\"https:\/\/isb.bz.it\/it\/en-iso-90012015\/#breadcrumb\",\"itemListElement\":[{\"@type\":\"ListItem\",\"position\":1,\"name\":\"Home\",\"item\":\"https:\/\/isb.bz.it\/it\/\"},{\"@type\":\"ListItem\",\"position\":2,\"name\":\"ISO\"}]},{\"@type\":\"WebSite\",\"@id\":\"https:\/\/isb.bz.it\/#website\",\"url\":\"https:\/\/isb.bz.it\/\",\"name\":\"ISB -INSTITUT S\u00dcDTIROLER BAUSTOFFTECHNOLOGIE\",\"description\":\"Pr\u00fcflabor f\u00fcr Baustoffe\",\"potentialAction\":[{\"@type\":\"SearchAction\",\"target\":{\"@type\":\"EntryPoint\",\"urlTemplate\":\"https:\/\/isb.bz.it\/?s={search_term_string}\"},\"query-input\":{\"@type\":\"PropertyValueSpecification\",\"valueRequired\":true,\"valueName\":\"search_term_string\"}}],\"inLanguage\":\"it-IT\"}]}<\/script>\n<!-- \/ Yoast SEO plugin. -->","yoast_head_json":{"title":"ISO - ISB -INSTITUT S\u00dcDTIROLER BAUSTOFFTECHNOLOGIE","robots":{"index":"index","follow":"follow","max-snippet":"max-snippet:-1","max-image-preview":"max-image-preview:large","max-video-preview":"max-video-preview:-1"},"canonical":"https:\/\/isb.bz.it\/it\/en-iso-90012015\/","og_locale":"it_IT","og_type":"article","og_title":"ISO - ISB -INSTITUT S\u00dcDTIROLER BAUSTOFFTECHNOLOGIE","og_url":"https:\/\/isb.bz.it\/it\/en-iso-90012015\/","og_site_name":"ISB -INSTITUT S\u00dcDTIROLER BAUSTOFFTECHNOLOGIE","article_modified_time":"2025-11-28T09:28:16+00:00","og_image":[{"url":"https:\/\/isb.bz.it\/wp-content\/uploads\/2025\/07\/isb_r_ita_qm_24_page-0001-1-scaled.jpg","type":"","width":"","height":""}],"twitter_card":"summary_large_image","twitter_misc":{"Tempo di lettura stimato":"1 minuto"},"schema":{"@context":"https:\/\/schema.org","@graph":[{"@type":"WebPage","@id":"https:\/\/isb.bz.it\/it\/en-iso-90012015\/","url":"https:\/\/isb.bz.it\/it\/en-iso-90012015\/","name":"ISO - ISB -INSTITUT S\u00dcDTIROLER BAUSTOFFTECHNOLOGIE","isPartOf":{"@id":"https:\/\/isb.bz.it\/#website"},"primaryImageOfPage":{"@id":"https:\/\/isb.bz.it\/it\/en-iso-90012015\/#primaryimage"},"image":{"@id":"https:\/\/isb.bz.it\/it\/en-iso-90012015\/#primaryimage"},"thumbnailUrl":"https:\/\/isb.bz.it\/wp-content\/uploads\/2025\/07\/isb_r_ita_qm_24_page-0001-1-scaled.jpg","datePublished":"2021-09-27T07:41:41+00:00","dateModified":"2025-11-28T09:28:16+00:00","breadcrumb":{"@id":"https:\/\/isb.bz.it\/it\/en-iso-90012015\/#breadcrumb"},"inLanguage":"it-IT","potentialAction":[{"@type":"ReadAction","target":["https:\/\/isb.bz.it\/it\/en-iso-90012015\/"]}]},{"@type":"ImageObject","inLanguage":"it-IT","@id":"https:\/\/isb.bz.it\/it\/en-iso-90012015\/#primaryimage","url":"https:\/\/isb.bz.it\/wp-content\/uploads\/2025\/07\/isb_r_ita_qm_24_page-0001-1-scaled.jpg","contentUrl":"https:\/\/isb.bz.it\/wp-content\/uploads\/2025\/07\/isb_r_ita_qm_24_page-0001-1-scaled.jpg"},{"@type":"BreadcrumbList","@id":"https:\/\/isb.bz.it\/it\/en-iso-90012015\/#breadcrumb","itemListElement":[{"@type":"ListItem","position":1,"name":"Home","item":"https:\/\/isb.bz.it\/it\/"},{"@type":"ListItem","position":2,"name":"ISO"}]},{"@type":"WebSite","@id":"https:\/\/isb.bz.it\/#website","url":"https:\/\/isb.bz.it\/","name":"ISB -INSTITUT S\u00dcDTIROLER BAUSTOFFTECHNOLOGIE","description":"Pr\u00fcflabor f\u00fcr Baustoffe","potentialAction":[{"@type":"SearchAction","target":{"@type":"EntryPoint","urlTemplate":"https:\/\/isb.bz.it\/?s={search_term_string}"},"query-input":{"@type":"PropertyValueSpecification","valueRequired":true,"valueName":"search_term_string"}}],"inLanguage":"it-IT"}]}},"_links":{"self":[{"href":"https:\/\/isb.bz.it\/it\/wp-json\/wp\/v2\/pages\/2124","targetHints":{"allow":["GET"]}}],"collection":[{"href":"https:\/\/isb.bz.it\/it\/wp-json\/wp\/v2\/pages"}],"about":[{"href":"https:\/\/isb.bz.it\/it\/wp-json\/wp\/v2\/types\/page"}],"author":[{"embeddable":true,"href":"https:\/\/isb.bz.it\/it\/wp-json\/wp\/v2\/users\/8"}],"replies":[{"embeddable":true,"href":"https:\/\/isb.bz.it\/it\/wp-json\/wp\/v2\/comments?post=2124"}],"version-history":[{"count":18,"href":"https:\/\/isb.bz.it\/it\/wp-json\/wp\/v2\/pages\/2124\/revisions"}],"predecessor-version":[{"id":2478,"href":"https:\/\/isb.bz.it\/it\/wp-json\/wp\/v2\/pages\/2124\/revisions\/2478"}],"wp:attachment":[{"href":"https:\/\/isb.bz.it\/it\/wp-json\/wp\/v2\/media?parent=2124"}],"curies":[{"name":"wp","href":"https:\/\/api.w.org\/{rel}","templated":true}]}}