{"id":1927,"date":"2020-04-24T10:57:16","date_gmt":"2020-04-24T10:57:16","guid":{"rendered":"https:\/\/isb.bz.it\/forschung-entwicklung\/"},"modified":"2020-05-08T09:16:59","modified_gmt":"2020-05-08T09:16:59","slug":"ricerca-sviluppo","status":"publish","type":"page","link":"https:\/\/isb.bz.it\/it\/ricerca-sviluppo\/","title":{"rendered":"Ricerca &#038; Sviluppo"},"content":{"rendered":"\r\n<p><a href=\"https:\/\/isb.bz.it\/it\/\">Home<\/a> \u00bb Ricerca &amp; Sviluppo<\/p>\r\n<h1>\u00a0<\/h1>\r\n<h2>PROGETTI IN CORSO<\/h2>\r\n<h2>PROGETTI CONCLUSI<\/h2>\r\n","protected":false},"excerpt":{"rendered":"<p>Home \u00bb Ricerca &amp; Sviluppo \u00a0 PROGETTI IN CORSO PROGETTI CONCLUSI<\/p>\n","protected":false},"author":3,"featured_media":0,"parent":0,"menu_order":0,"comment_status":"closed","ping_status":"closed","template":"","meta":{"_acf_changed":false,"footnotes":""},"class_list":["post-1927","page","type-page","status-publish","hentry"],"acf":[],"yoast_head":"<!-- This site is optimized with the Yoast SEO plugin v26.3 - https:\/\/yoast.com\/wordpress\/plugins\/seo\/ -->\n<title>Ricerca &amp; Sviluppo - ISB -INSTITUT S\u00dcDTIROLER BAUSTOFFTECHNOLOGIE<\/title>\n<meta name=\"description\" content=\"Grazie alla stretta collaborazione con i nostri partner e ai contatti con aziende, istituti di ricerca possiamo contare su un\u2019ampia rete.\" \/>\n<meta name=\"robots\" content=\"index, follow, max-snippet:-1, max-image-preview:large, max-video-preview:-1\" \/>\n<link rel=\"canonical\" href=\"https:\/\/isb.bz.it\/it\/ricerca-sviluppo\/\" \/>\n<meta property=\"og:locale\" content=\"it_IT\" \/>\n<meta property=\"og:type\" content=\"article\" \/>\n<meta property=\"og:title\" content=\"Ricerca &amp; Sviluppo - ISB -INSTITUT S\u00dcDTIROLER BAUSTOFFTECHNOLOGIE\" \/>\n<meta property=\"og:description\" content=\"Grazie alla stretta collaborazione con i nostri partner e ai contatti con aziende, istituti di ricerca possiamo contare su un\u2019ampia rete.\" \/>\n<meta property=\"og:url\" content=\"https:\/\/isb.bz.it\/it\/ricerca-sviluppo\/\" \/>\n<meta property=\"og:site_name\" content=\"ISB -INSTITUT S\u00dcDTIROLER BAUSTOFFTECHNOLOGIE\" \/>\n<meta property=\"article:modified_time\" content=\"2020-05-08T09:16:59+00:00\" \/>\n<meta name=\"twitter:card\" content=\"summary_large_image\" \/>\n<script type=\"application\/ld+json\" class=\"yoast-schema-graph\">{\"@context\":\"https:\/\/schema.org\",\"@graph\":[{\"@type\":\"WebPage\",\"@id\":\"https:\/\/isb.bz.it\/it\/ricerca-sviluppo\/\",\"url\":\"https:\/\/isb.bz.it\/it\/ricerca-sviluppo\/\",\"name\":\"Ricerca & Sviluppo - ISB -INSTITUT S\u00dcDTIROLER BAUSTOFFTECHNOLOGIE\",\"isPartOf\":{\"@id\":\"https:\/\/isb.bz.it\/#website\"},\"datePublished\":\"2020-04-24T10:57:16+00:00\",\"dateModified\":\"2020-05-08T09:16:59+00:00\",\"description\":\"Grazie alla stretta collaborazione con i nostri partner e ai contatti con aziende, istituti di ricerca possiamo contare su un\u2019ampia rete.\",\"breadcrumb\":{\"@id\":\"https:\/\/isb.bz.it\/it\/ricerca-sviluppo\/#breadcrumb\"},\"inLanguage\":\"it-IT\",\"potentialAction\":[{\"@type\":\"ReadAction\",\"target\":[\"https:\/\/isb.bz.it\/it\/ricerca-sviluppo\/\"]}]},{\"@type\":\"BreadcrumbList\",\"@id\":\"https:\/\/isb.bz.it\/it\/ricerca-sviluppo\/#breadcrumb\",\"itemListElement\":[{\"@type\":\"ListItem\",\"position\":1,\"name\":\"Home\",\"item\":\"https:\/\/isb.bz.it\/it\/\"},{\"@type\":\"ListItem\",\"position\":2,\"name\":\"Ricerca &#038; Sviluppo\"}]},{\"@type\":\"WebSite\",\"@id\":\"https:\/\/isb.bz.it\/#website\",\"url\":\"https:\/\/isb.bz.it\/\",\"name\":\"ISB -INSTITUT S\u00dcDTIROLER BAUSTOFFTECHNOLOGIE\",\"description\":\"Pr\u00fcflabor f\u00fcr Baustoffe\",\"potentialAction\":[{\"@type\":\"SearchAction\",\"target\":{\"@type\":\"EntryPoint\",\"urlTemplate\":\"https:\/\/isb.bz.it\/?s={search_term_string}\"},\"query-input\":{\"@type\":\"PropertyValueSpecification\",\"valueRequired\":true,\"valueName\":\"search_term_string\"}}],\"inLanguage\":\"it-IT\"}]}<\/script>\n<!-- \/ Yoast SEO plugin. -->","yoast_head_json":{"title":"Ricerca & Sviluppo - ISB -INSTITUT S\u00dcDTIROLER BAUSTOFFTECHNOLOGIE","description":"Grazie alla stretta collaborazione con i nostri partner e ai contatti con aziende, istituti di ricerca possiamo contare su un\u2019ampia rete.","robots":{"index":"index","follow":"follow","max-snippet":"max-snippet:-1","max-image-preview":"max-image-preview:large","max-video-preview":"max-video-preview:-1"},"canonical":"https:\/\/isb.bz.it\/it\/ricerca-sviluppo\/","og_locale":"it_IT","og_type":"article","og_title":"Ricerca & Sviluppo - ISB -INSTITUT S\u00dcDTIROLER BAUSTOFFTECHNOLOGIE","og_description":"Grazie alla stretta collaborazione con i nostri partner e ai contatti con aziende, istituti di ricerca possiamo contare su un\u2019ampia rete.","og_url":"https:\/\/isb.bz.it\/it\/ricerca-sviluppo\/","og_site_name":"ISB -INSTITUT S\u00dcDTIROLER BAUSTOFFTECHNOLOGIE","article_modified_time":"2020-05-08T09:16:59+00:00","twitter_card":"summary_large_image","schema":{"@context":"https:\/\/schema.org","@graph":[{"@type":"WebPage","@id":"https:\/\/isb.bz.it\/it\/ricerca-sviluppo\/","url":"https:\/\/isb.bz.it\/it\/ricerca-sviluppo\/","name":"Ricerca & Sviluppo - ISB -INSTITUT S\u00dcDTIROLER BAUSTOFFTECHNOLOGIE","isPartOf":{"@id":"https:\/\/isb.bz.it\/#website"},"datePublished":"2020-04-24T10:57:16+00:00","dateModified":"2020-05-08T09:16:59+00:00","description":"Grazie alla stretta collaborazione con i nostri partner e ai contatti con aziende, istituti di ricerca possiamo contare su un\u2019ampia rete.","breadcrumb":{"@id":"https:\/\/isb.bz.it\/it\/ricerca-sviluppo\/#breadcrumb"},"inLanguage":"it-IT","potentialAction":[{"@type":"ReadAction","target":["https:\/\/isb.bz.it\/it\/ricerca-sviluppo\/"]}]},{"@type":"BreadcrumbList","@id":"https:\/\/isb.bz.it\/it\/ricerca-sviluppo\/#breadcrumb","itemListElement":[{"@type":"ListItem","position":1,"name":"Home","item":"https:\/\/isb.bz.it\/it\/"},{"@type":"ListItem","position":2,"name":"Ricerca &#038; Sviluppo"}]},{"@type":"WebSite","@id":"https:\/\/isb.bz.it\/#website","url":"https:\/\/isb.bz.it\/","name":"ISB -INSTITUT S\u00dcDTIROLER BAUSTOFFTECHNOLOGIE","description":"Pr\u00fcflabor f\u00fcr Baustoffe","potentialAction":[{"@type":"SearchAction","target":{"@type":"EntryPoint","urlTemplate":"https:\/\/isb.bz.it\/?s={search_term_string}"},"query-input":{"@type":"PropertyValueSpecification","valueRequired":true,"valueName":"search_term_string"}}],"inLanguage":"it-IT"}]}},"_links":{"self":[{"href":"https:\/\/isb.bz.it\/it\/wp-json\/wp\/v2\/pages\/1927","targetHints":{"allow":["GET"]}}],"collection":[{"href":"https:\/\/isb.bz.it\/it\/wp-json\/wp\/v2\/pages"}],"about":[{"href":"https:\/\/isb.bz.it\/it\/wp-json\/wp\/v2\/types\/page"}],"author":[{"embeddable":true,"href":"https:\/\/isb.bz.it\/it\/wp-json\/wp\/v2\/users\/3"}],"replies":[{"embeddable":true,"href":"https:\/\/isb.bz.it\/it\/wp-json\/wp\/v2\/comments?post=1927"}],"version-history":[{"count":7,"href":"https:\/\/isb.bz.it\/it\/wp-json\/wp\/v2\/pages\/1927\/revisions"}],"predecessor-version":[{"id":1973,"href":"https:\/\/isb.bz.it\/it\/wp-json\/wp\/v2\/pages\/1927\/revisions\/1973"}],"wp:attachment":[{"href":"https:\/\/isb.bz.it\/it\/wp-json\/wp\/v2\/media?parent=1927"}],"curies":[{"name":"wp","href":"https:\/\/api.w.org\/{rel}","templated":true}]}}